{"id":1275,"date":"2021-02-16T04:06:34","date_gmt":"2021-02-16T04:06:34","guid":{"rendered":"https:\/\/www.respaldoalcantara-alicante.cl\/democolegio\/?page_id=1275"},"modified":"2024-05-06T17:58:53","modified_gmt":"2024-05-06T17:58:53","slug":"logros-academicos-2","status":"publish","type":"page","link":"https:\/\/www.respaldoalcantara-alicante.cl\/alcantara-florida\/logros-academicos-2\/","title":{"rendered":"LOGROS ACAD\u00c9MICOS"},"content":{"rendered":"\t\t<div data-elementor-type=\"wp-page\" data-elementor-id=\"1275\" class=\"elementor elementor-1275\" data-elementor-settings=\"{&quot;ha_cmc_init_switcher&quot;:&quot;no&quot;}\" data-elementor-post-type=\"page\">\n\t\t\t\t\t\t<section class=\"elementor-section elementor-top-section elementor-element elementor-element-0b8c3e5 elementor-section-boxed elementor-section-height-default elementor-section-height-default parallax_section_no qode_elementor_container_no\" data-id=\"0b8c3e5\" data-element_type=\"section\" data-settings=\"{&quot;jet_parallax_layout_list&quot;:[{&quot;jet_parallax_layout_image&quot;:{&quot;url&quot;:&quot;&quot;,&quot;id&quot;:&quot;&quot;,&quot;size&quot;:&quot;&quot;},&quot;_id&quot;:&quot;5ccc27b&quot;,&quot;jet_parallax_layout_image_tablet&quot;:{&quot;url&quot;:&quot;&quot;,&quot;id&quot;:&quot;&quot;,&quot;size&quot;:&quot;&quot;},&quot;jet_parallax_layout_image_mobile&quot;:{&quot;url&quot;:&quot;&quot;,&quot;id&quot;:&quot;&quot;,&quot;size&quot;:&quot;&quot;},&quot;jet_parallax_layout_speed&quot;:{&quot;unit&quot;:&quot;%&quot;,&quot;size&quot;:50,&quot;sizes&quot;:[]},&quot;jet_parallax_layout_type&quot;:&quot;scroll&quot;,&quot;jet_parallax_layout_direction&quot;:null,&quot;jet_parallax_layout_fx_direction&quot;:null,&quot;jet_parallax_layout_z_index&quot;:&quot;&quot;,&quot;jet_parallax_layout_bg_x&quot;:50,&quot;jet_parallax_layout_bg_x_tablet&quot;:&quot;&quot;,&quot;jet_parallax_layout_bg_x_mobile&quot;:&quot;&quot;,&quot;jet_parallax_layout_bg_y&quot;:50,&quot;jet_parallax_layout_bg_y_tablet&quot;:&quot;&quot;,&quot;jet_parallax_layout_bg_y_mobile&quot;:&quot;&quot;,&quot;jet_parallax_layout_bg_size&quot;:&quot;auto&quot;,&quot;jet_parallax_layout_bg_size_tablet&quot;:&quot;&quot;,&quot;jet_parallax_layout_bg_size_mobile&quot;:&quot;&quot;,&quot;jet_parallax_layout_animation_prop&quot;:&quot;transform&quot;,&quot;jet_parallax_layout_on&quot;:[&quot;desktop&quot;,&quot;tablet&quot;]}],&quot;_ha_eqh_enable&quot;:false}\">\n\t\t\t\t\t\t<div class=\"elementor-container elementor-column-gap-default\">\n\t\t\t\t\t<div class=\"elementor-column elementor-col-100 elementor-top-column elementor-element elementor-element-54d30d5\" data-id=\"54d30d5\" data-element_type=\"column\">\n\t\t\t<div class=\"elementor-widget-wrap elementor-element-populated\">\n\t\t\t\t\t\t<div class=\"elementor-element elementor-element-e272c37 elementor-widget elementor-widget-spacer\" data-id=\"e272c37\" data-element_type=\"widget\" data-widget_type=\"spacer.default\">\n\t\t\t\t<div class=\"elementor-widget-container\">\n\t\t\t\t\t\t\t<div class=\"elementor-spacer\">\n\t\t\t<div class=\"elementor-spacer-inner\"><\/div>\n\t\t<\/div>\n\t\t\t\t\t\t<\/div>\n\t\t\t\t<\/div>\n\t\t\t\t<div class=\"elementor-element elementor-element-ab847a3 elementor-widget elementor-widget-heading\" data-id=\"ab847a3\" data-element_type=\"widget\" data-widget_type=\"heading.default\">\n\t\t\t\t<div class=\"elementor-widget-container\">\n\t\t\t\t\t<h2 class=\"elementor-heading-title elementor-size-default\">RESULTADOS ACAD\u00c9MICOS<\/h2>\t\t\t\t<\/div>\n\t\t\t\t<\/div>\n\t\t\t\t<div class=\"elementor-element elementor-element-600bc1d elementor-widget elementor-widget-spacer\" data-id=\"600bc1d\" data-element_type=\"widget\" data-widget_type=\"spacer.default\">\n\t\t\t\t<div class=\"elementor-widget-container\">\n\t\t\t\t\t\t\t<div class=\"elementor-spacer\">\n\t\t\t<div class=\"elementor-spacer-inner\"><\/div>\n\t\t<\/div>\n\t\t\t\t\t\t<\/div>\n\t\t\t\t<\/div>\n\t\t\t\t\t<\/div>\n\t\t<\/div>\n\t\t\t\t\t<\/div>\n\t\t<\/section>\n\t\t\t\t<section class=\"elementor-section elementor-top-section elementor-element elementor-element-5286071 elementor-section-boxed elementor-section-height-default elementor-section-height-default parallax_section_no qode_elementor_container_no\" data-id=\"5286071\" data-element_type=\"section\" data-settings=\"{&quot;jet_parallax_layout_list&quot;:[{&quot;jet_parallax_layout_image&quot;:{&quot;url&quot;:&quot;&quot;,&quot;id&quot;:&quot;&quot;,&quot;size&quot;:&quot;&quot;},&quot;_id&quot;:&quot;8404f44&quot;,&quot;jet_parallax_layout_image_tablet&quot;:{&quot;url&quot;:&quot;&quot;,&quot;id&quot;:&quot;&quot;,&quot;size&quot;:&quot;&quot;},&quot;jet_parallax_layout_image_mobile&quot;:{&quot;url&quot;:&quot;&quot;,&quot;id&quot;:&quot;&quot;,&quot;size&quot;:&quot;&quot;},&quot;jet_parallax_layout_speed&quot;:{&quot;unit&quot;:&quot;%&quot;,&quot;size&quot;:50,&quot;sizes&quot;:[]},&quot;jet_parallax_layout_type&quot;:&quot;scroll&quot;,&quot;jet_parallax_layout_direction&quot;:null,&quot;jet_parallax_layout_fx_direction&quot;:null,&quot;jet_parallax_layout_z_index&quot;:&quot;&quot;,&quot;jet_parallax_layout_bg_x&quot;:50,&quot;jet_parallax_layout_bg_x_tablet&quot;:&quot;&quot;,&quot;jet_parallax_layout_bg_x_mobile&quot;:&quot;&quot;,&quot;jet_parallax_layout_bg_y&quot;:50,&quot;jet_parallax_layout_bg_y_tablet&quot;:&quot;&quot;,&quot;jet_parallax_layout_bg_y_mobile&quot;:&quot;&quot;,&quot;jet_parallax_layout_bg_size&quot;:&quot;auto&quot;,&quot;jet_parallax_layout_bg_size_tablet&quot;:&quot;&quot;,&quot;jet_parallax_layout_bg_size_mobile&quot;:&quot;&quot;,&quot;jet_parallax_layout_animation_prop&quot;:&quot;transform&quot;,&quot;jet_parallax_layout_on&quot;:[&quot;desktop&quot;,&quot;tablet&quot;]}],&quot;_ha_eqh_enable&quot;:false}\">\n\t\t\t\t\t\t<div class=\"elementor-container elementor-column-gap-default\">\n\t\t\t\t\t<div class=\"elementor-column elementor-col-100 elementor-top-column elementor-element elementor-element-f639418\" data-id=\"f639418\" data-element_type=\"column\">\n\t\t\t<div class=\"elementor-widget-wrap elementor-element-populated\">\n\t\t\t\t\t\t<div class=\"elementor-element elementor-element-9999aa7 elementor-widget elementor-widget-heading\" data-id=\"9999aa7\" data-element_type=\"widget\" data-widget_type=\"heading.default\">\n\t\t\t\t<div class=\"elementor-widget-container\">\n\t\t\t\t\t<h2 class=\"elementor-heading-title elementor-size-default\">PRESENTACI\u00f3n<\/h2>\t\t\t\t<\/div>\n\t\t\t\t<\/div>\n\t\t\t\t<div class=\"elementor-element elementor-element-13d4ea3 justificar elementor-widget elementor-widget-text-editor\" data-id=\"13d4ea3\" data-element_type=\"widget\" data-widget_type=\"text-editor.default\">\n\t\t\t\t<div class=\"elementor-widget-container\">\n\t\t\t\t\t\t\t\t\t<p>Los resultados acad\u00e9micos logrados por nuestros colegios, obedecen a la profunda convicci\u00f3n de que nuestros alumnos son capaces de desarrollar al m\u00e1ximo sus potencialidades y demostrar los mejores aprendizajes. Para ello se requiere de un trabajo sistem\u00e1tico, profesional, de calidad, de evaluaci\u00f3n permanente de nuestros m\u00e9todos de ense\u00f1anza, del monitoreo constante de los avances de nuestros alumnos, de la actitud responsable de nuestros docentes y trabajadores en general, por capacitarse y poner a disposici\u00f3n de sus estudiantes todas sus competencias profesionales.<br \/>Requiere tambi\u00e9n, de parte de la instituci\u00f3n, el disponer los recursos humanos y materiales necesarios y suficientes para enfrentar d\u00eda a d\u00eda los nuevos desaf\u00edos que la educaci\u00f3n de ni\u00f1os y j\u00f3venes representa. En este sentido, cada uno de los colegios cuenta con coordinadores acad\u00e9micos y equipos de gesti\u00f3n profundamente comprometidos con el ideario institucional y con el desarrollo de sus alumnos.<br \/>Contamos adem\u00e1s con especialistas en distintas \u00e1reas acad\u00e9micas que, durante todo el a\u00f1o recogen informaci\u00f3n respecto de los avances logrados por los alumnos, proponen planes de mejoramiento en funci\u00f3n de la informaci\u00f3n obtenida, capacitan a los docentes, modelan actividades de aprendizaje y sugieren las medidas m\u00e1s oportunas para hacer m\u00e1s efectivo el trabajo en el aula y el proceso de ense\u00f1anza-aprendizaje en general.<\/p><p><img decoding=\"async\" class=\"alignnone size-full wp-image-16837\" src=\"https:\/\/www.respaldoalcantara-alicante.cl\/alcantara-florida\/wp-content\/uploads\/sites\/7\/2021\/03\/iconopdf_small.jpg\" alt=\"\" width=\"33\" height=\"35\" \/> <a href=\"https:\/\/www.respaldoalcantara-alicante.cl\/alcantara-florida\/wp-content\/uploads\/sites\/7\/2024\/05\/Alflo_resultados_difusion.pdf\">Alflo_resultados<\/a><\/p>\t\t\t\t\t\t\t\t<\/div>\n\t\t\t\t<\/div>\n\t\t\t\t\t<\/div>\n\t\t<\/div>\n\t\t\t\t\t<\/div>\n\t\t<\/section>\n\t\t\t\t<section class=\"elementor-section elementor-top-section elementor-element elementor-element-238bbff elementor-section-boxed elementor-section-height-default elementor-section-height-default parallax_section_no qode_elementor_container_no\" data-id=\"238bbff\" data-element_type=\"section\" data-settings=\"{&quot;jet_parallax_layout_list&quot;:[],&quot;_ha_eqh_enable&quot;:false}\">\n\t\t\t\t\t\t<div class=\"elementor-container elementor-column-gap-default\">\n\t\t\t\t\t<div class=\"elementor-column elementor-col-100 elementor-top-column elementor-element elementor-element-5290cb1\" data-id=\"5290cb1\" data-element_type=\"column\">\n\t\t\t<div class=\"elementor-widget-wrap elementor-element-populated\">\n\t\t\t\t\t\t<div class=\"elementor-element elementor-element-e17f799 elementor-widget elementor-widget-image\" data-id=\"e17f799\" data-element_type=\"widget\" data-widget_type=\"image.default\">\n\t\t\t\t<div class=\"elementor-widget-container\">\n\t\t\t\t\t\t\t\t\t\t\t\t\t\t\t<img fetchpriority=\"high\" decoding=\"async\" width=\"756\" height=\"1024\" src=\"https:\/\/www.respaldoalcantara-alicante.cl\/alcantara-florida\/wp-content\/uploads\/sites\/7\/2024\/05\/Alflo_resultados_difusion-756x1024.jpg\" class=\"attachment-large size-large wp-image-20168\" alt=\"\" srcset=\"https:\/\/www.respaldoalcantara-alicante.cl\/alcantara-florida\/wp-content\/uploads\/sites\/7\/2024\/05\/Alflo_resultados_difusion-756x1024.jpg 756w, https:\/\/www.respaldoalcantara-alicante.cl\/alcantara-florida\/wp-content\/uploads\/sites\/7\/2024\/05\/Alflo_resultados_difusion-222x300.jpg 222w, https:\/\/www.respaldoalcantara-alicante.cl\/alcantara-florida\/wp-content\/uploads\/sites\/7\/2024\/05\/Alflo_resultados_difusion-768x1040.jpg 768w, https:\/\/www.respaldoalcantara-alicante.cl\/alcantara-florida\/wp-content\/uploads\/sites\/7\/2024\/05\/Alflo_resultados_difusion-1135x1536.jpg 1135w, https:\/\/www.respaldoalcantara-alicante.cl\/alcantara-florida\/wp-content\/uploads\/sites\/7\/2024\/05\/Alflo_resultados_difusion-1513x2048.jpg 1513w, https:\/\/www.respaldoalcantara-alicante.cl\/alcantara-florida\/wp-content\/uploads\/sites\/7\/2024\/05\/Alflo_resultados_difusion-700x948.jpg 700w, https:\/\/www.respaldoalcantara-alicante.cl\/alcantara-florida\/wp-content\/uploads\/sites\/7\/2024\/05\/Alflo_resultados_difusion-scaled.jpg 1891w\" sizes=\"(max-width: 756px) 100vw, 756px\" \/>\t\t\t\t\t\t\t\t\t\t\t\t\t\t\t<\/div>\n\t\t\t\t<\/div>\n\t\t\t\t\t<\/div>\n\t\t<\/div>\n\t\t\t\t\t<\/div>\n\t\t<\/section>\n\t\t\t\t<\/div>\n\t\t","protected":false},"excerpt":{"rendered":"<p>RESULTADOS ACAD\u00c9MICOS PRESENTACI\u00f3n Los resultados acad\u00e9micos logrados por nuestros colegios, obedecen a la profunda convicci\u00f3n de que nuestros alumnos son capaces de desarrollar al m\u00e1ximo sus potencialidades y demostrar los mejores aprendizajes. Para ello se requiere de un trabajo sistem\u00e1tico, profesional, de calidad, de evaluaci\u00f3n&#8230;<\/p>\n","protected":false},"author":4,"featured_media":0,"parent":0,"menu_order":0,"comment_status":"closed","ping_status":"closed","template":"","meta":{"footnotes":""},"class_list":["post-1275","page","type-page","status-publish","hentry"],"aioseo_notices":[],"_links":{"self":[{"href":"https:\/\/www.respaldoalcantara-alicante.cl\/alcantara-florida\/wp-json\/wp\/v2\/pages\/1275","targetHints":{"allow":["GET"]}}],"collection":[{"href":"https:\/\/www.respaldoalcantara-alicante.cl\/alcantara-florida\/wp-json\/wp\/v2\/pages"}],"about":[{"href":"https:\/\/www.respaldoalcantara-alicante.cl\/alcantara-florida\/wp-json\/wp\/v2\/types\/page"}],"author":[{"embeddable":true,"href":"https:\/\/www.respaldoalcantara-alicante.cl\/alcantara-florida\/wp-json\/wp\/v2\/users\/4"}],"replies":[{"embeddable":true,"href":"https:\/\/www.respaldoalcantara-alicante.cl\/alcantara-florida\/wp-json\/wp\/v2\/comments?post=1275"}],"version-history":[{"count":36,"href":"https:\/\/www.respaldoalcantara-alicante.cl\/alcantara-florida\/wp-json\/wp\/v2\/pages\/1275\/revisions"}],"predecessor-version":[{"id":20175,"href":"https:\/\/www.respaldoalcantara-alicante.cl\/alcantara-florida\/wp-json\/wp\/v2\/pages\/1275\/revisions\/20175"}],"wp:attachment":[{"href":"https:\/\/www.respaldoalcantara-alicante.cl\/alcantara-florida\/wp-json\/wp\/v2\/media?parent=1275"}],"curies":[{"name":"wp","href":"https:\/\/api.w.org\/{rel}","templated":true}]}}