{"id":1130,"date":"2021-02-16T01:17:38","date_gmt":"2021-02-16T01:17:38","guid":{"rendered":"https:\/\/www.respaldoalcantara-alicante.cl\/democolegio\/?page_id=1130"},"modified":"2025-02-26T10:28:48","modified_gmt":"2025-02-26T14:28:48","slug":"lista-de-utiles","status":"publish","type":"page","link":"https:\/\/www.respaldoalcantara-alicante.cl\/alcantara-florida\/lista-de-utiles\/","title":{"rendered":"\u00datiles escolares 2023"},"content":{"rendered":"\t\t<div data-elementor-type=\"wp-page\" data-elementor-id=\"1130\" class=\"elementor elementor-1130\" data-elementor-settings=\"{&quot;ha_cmc_init_switcher&quot;:&quot;no&quot;}\" data-elementor-post-type=\"page\">\n\t\t\t\t\t\t<section class=\"elementor-section elementor-top-section elementor-element elementor-element-84969eb elementor-section-boxed elementor-section-height-default elementor-section-height-default parallax_section_no qode_elementor_container_no\" data-id=\"84969eb\" data-element_type=\"section\" data-settings=\"{&quot;jet_parallax_layout_list&quot;:[{&quot;jet_parallax_layout_image&quot;:{&quot;url&quot;:&quot;&quot;,&quot;id&quot;:&quot;&quot;,&quot;size&quot;:&quot;&quot;},&quot;_id&quot;:&quot;8589802&quot;,&quot;jet_parallax_layout_image_tablet&quot;:{&quot;url&quot;:&quot;&quot;,&quot;id&quot;:&quot;&quot;,&quot;size&quot;:&quot;&quot;},&quot;jet_parallax_layout_image_mobile&quot;:{&quot;url&quot;:&quot;&quot;,&quot;id&quot;:&quot;&quot;,&quot;size&quot;:&quot;&quot;},&quot;jet_parallax_layout_speed&quot;:{&quot;unit&quot;:&quot;%&quot;,&quot;size&quot;:50,&quot;sizes&quot;:[]},&quot;jet_parallax_layout_type&quot;:&quot;scroll&quot;,&quot;jet_parallax_layout_direction&quot;:null,&quot;jet_parallax_layout_fx_direction&quot;:null,&quot;jet_parallax_layout_z_index&quot;:&quot;&quot;,&quot;jet_parallax_layout_bg_x&quot;:50,&quot;jet_parallax_layout_bg_x_tablet&quot;:&quot;&quot;,&quot;jet_parallax_layout_bg_x_mobile&quot;:&quot;&quot;,&quot;jet_parallax_layout_bg_y&quot;:50,&quot;jet_parallax_layout_bg_y_tablet&quot;:&quot;&quot;,&quot;jet_parallax_layout_bg_y_mobile&quot;:&quot;&quot;,&quot;jet_parallax_layout_bg_size&quot;:&quot;auto&quot;,&quot;jet_parallax_layout_bg_size_tablet&quot;:&quot;&quot;,&quot;jet_parallax_layout_bg_size_mobile&quot;:&quot;&quot;,&quot;jet_parallax_layout_animation_prop&quot;:&quot;transform&quot;,&quot;jet_parallax_layout_on&quot;:[&quot;desktop&quot;,&quot;tablet&quot;]}],&quot;_ha_eqh_enable&quot;:false}\">\n\t\t\t\t\t\t<div class=\"elementor-container elementor-column-gap-default\">\n\t\t\t\t\t<div class=\"elementor-column elementor-col-100 elementor-top-column elementor-element elementor-element-763dcd1\" data-id=\"763dcd1\" data-element_type=\"column\">\n\t\t\t<div class=\"elementor-widget-wrap elementor-element-populated\">\n\t\t\t\t\t\t<div class=\"elementor-element elementor-element-542f774 elementor-widget elementor-widget-spacer\" data-id=\"542f774\" data-element_type=\"widget\" data-widget_type=\"spacer.default\">\n\t\t\t\t<div class=\"elementor-widget-container\">\n\t\t\t\t\t\t\t<div class=\"elementor-spacer\">\n\t\t\t<div class=\"elementor-spacer-inner\"><\/div>\n\t\t<\/div>\n\t\t\t\t\t\t<\/div>\n\t\t\t\t<\/div>\n\t\t\t\t<div class=\"elementor-element elementor-element-994e4b7 elementor-widget elementor-widget-heading\" data-id=\"994e4b7\" data-element_type=\"widget\" data-widget_type=\"heading.default\">\n\t\t\t\t<div class=\"elementor-widget-container\">\n\t\t\t\t\t<h2 class=\"elementor-heading-title elementor-size-default\">Listas de \u00datiles 2025<\/h2>\t\t\t\t<\/div>\n\t\t\t\t<\/div>\n\t\t\t\t<div class=\"elementor-element elementor-element-570f07a elementor-widget elementor-widget-spacer\" data-id=\"570f07a\" data-element_type=\"widget\" data-widget_type=\"spacer.default\">\n\t\t\t\t<div class=\"elementor-widget-container\">\n\t\t\t\t\t\t\t<div class=\"elementor-spacer\">\n\t\t\t<div class=\"elementor-spacer-inner\"><\/div>\n\t\t<\/div>\n\t\t\t\t\t\t<\/div>\n\t\t\t\t<\/div>\n\t\t\t\t\t<\/div>\n\t\t<\/div>\n\t\t\t\t\t<\/div>\n\t\t<\/section>\n\t\t\t\t<section class=\"elementor-section elementor-top-section elementor-element elementor-element-aa6de87 elementor-section-boxed elementor-section-height-default elementor-section-height-default parallax_section_no qode_elementor_container_no\" data-id=\"aa6de87\" data-element_type=\"section\" data-settings=\"{&quot;jet_parallax_layout_list&quot;:[{&quot;jet_parallax_layout_image&quot;:{&quot;url&quot;:&quot;&quot;,&quot;id&quot;:&quot;&quot;,&quot;size&quot;:&quot;&quot;},&quot;_id&quot;:&quot;1007a3c&quot;,&quot;jet_parallax_layout_image_tablet&quot;:{&quot;url&quot;:&quot;&quot;,&quot;id&quot;:&quot;&quot;,&quot;size&quot;:&quot;&quot;},&quot;jet_parallax_layout_image_mobile&quot;:{&quot;url&quot;:&quot;&quot;,&quot;id&quot;:&quot;&quot;,&quot;size&quot;:&quot;&quot;},&quot;jet_parallax_layout_speed&quot;:{&quot;unit&quot;:&quot;%&quot;,&quot;size&quot;:50,&quot;sizes&quot;:[]},&quot;jet_parallax_layout_type&quot;:&quot;scroll&quot;,&quot;jet_parallax_layout_direction&quot;:null,&quot;jet_parallax_layout_fx_direction&quot;:null,&quot;jet_parallax_layout_z_index&quot;:&quot;&quot;,&quot;jet_parallax_layout_bg_x&quot;:50,&quot;jet_parallax_layout_bg_x_tablet&quot;:&quot;&quot;,&quot;jet_parallax_layout_bg_x_mobile&quot;:&quot;&quot;,&quot;jet_parallax_layout_bg_y&quot;:50,&quot;jet_parallax_layout_bg_y_tablet&quot;:&quot;&quot;,&quot;jet_parallax_layout_bg_y_mobile&quot;:&quot;&quot;,&quot;jet_parallax_layout_bg_size&quot;:&quot;auto&quot;,&quot;jet_parallax_layout_bg_size_tablet&quot;:&quot;&quot;,&quot;jet_parallax_layout_bg_size_mobile&quot;:&quot;&quot;,&quot;jet_parallax_layout_animation_prop&quot;:&quot;transform&quot;,&quot;jet_parallax_layout_on&quot;:[&quot;desktop&quot;,&quot;tablet&quot;]}],&quot;_ha_eqh_enable&quot;:false}\">\n\t\t\t\t\t\t<div class=\"elementor-container elementor-column-gap-default\">\n\t\t\t\t\t<div class=\"elementor-column elementor-col-50 elementor-top-column elementor-element elementor-element-d874b4c\" data-id=\"d874b4c\" data-element_type=\"column\">\n\t\t\t<div class=\"elementor-widget-wrap elementor-element-populated\">\n\t\t\t\t\t\t<div class=\"elementor-element elementor-element-01e9839 elementor-widget elementor-widget-heading\" data-id=\"01e9839\" data-element_type=\"widget\" data-widget_type=\"heading.default\">\n\t\t\t\t<div class=\"elementor-widget-container\">\n\t\t\t\t\t<h2 class=\"elementor-heading-title elementor-size-default\">Preescolar<\/h2>\t\t\t\t<\/div>\n\t\t\t\t<\/div>\n\t\t\t\t<div class=\"elementor-element elementor-element-34a675b elementor-widget elementor-widget-text-editor\" data-id=\"34a675b\" data-element_type=\"widget\" data-widget_type=\"text-editor.default\">\n\t\t\t\t<div class=\"elementor-widget-container\">\n\t\t\t\t\t\t\t\t\t<p><img decoding=\"async\" class=\"alignnone size-full wp-image-16837\" src=\"https:\/\/www.respaldoalcantara-alicante.cl\/alcantara-florida\/wp-content\/uploads\/sites\/7\/2021\/03\/iconopdf_small.jpg\" alt=\"\" width=\"33\" height=\"35\" \/> <a href=\"https:\/\/www.respaldoalcantara-alicante.cl\/alcantara-florida\/wp-content\/uploads\/sites\/7\/2024\/12\/Lista-de-utiles-Kinder-2025.pdf\">Lista de u\u0301tiles Ki\u0301nder 2025<\/a><\/p><p>\u00a0<\/p>\t\t\t\t\t\t\t\t<\/div>\n\t\t\t\t<\/div>\n\t\t\t\t<div class=\"elementor-element elementor-element-873c533 elementor-widget elementor-widget-heading\" data-id=\"873c533\" data-element_type=\"widget\" data-widget_type=\"heading.default\">\n\t\t\t\t<div class=\"elementor-widget-container\">\n\t\t\t\t\t<h2 class=\"elementor-heading-title elementor-size-default\">Ense\u00f1anza MEDIA<\/h2>\t\t\t\t<\/div>\n\t\t\t\t<\/div>\n\t\t\t\t<div class=\"elementor-element elementor-element-50e1d85 elementor-widget elementor-widget-text-editor\" data-id=\"50e1d85\" data-element_type=\"widget\" data-widget_type=\"text-editor.default\">\n\t\t\t\t<div class=\"elementor-widget-container\">\n\t\t\t\t\t\t\t\t\t<p><img decoding=\"async\" class=\"alignnone size-full wp-image-16837\" src=\"https:\/\/www.respaldoalcantara-alicante.cl\/alcantara-florida\/wp-content\/uploads\/sites\/7\/2021\/03\/iconopdf_small.jpg\" alt=\"\" width=\"33\" height=\"35\" \/> <a href=\"https:\/\/www.respaldoalcantara-alicante.cl\/alcantara-florida\/wp-content\/uploads\/sites\/7\/2024\/12\/Lista-de-utiles-I-medio-2025.pdf\">Lista de u\u0301tiles I medio 2025<\/a><\/p><p><img decoding=\"async\" class=\"alignnone size-full wp-image-16837\" src=\"https:\/\/www.respaldoalcantara-alicante.cl\/alcantara-florida\/wp-content\/uploads\/sites\/7\/2021\/03\/iconopdf_small.jpg\" alt=\"\" width=\"33\" height=\"35\" \/> <a href=\"https:\/\/www.respaldoalcantara-alicante.cl\/alcantara-florida\/wp-content\/uploads\/sites\/7\/2024\/12\/Lista-de-utiles-II-medio-2025.pdf\">Lista de u\u0301tiles II medio 2025<\/a><\/p><p><img decoding=\"async\" class=\"alignnone size-full wp-image-16837\" src=\"https:\/\/www.respaldoalcantara-alicante.cl\/alcantara-florida\/wp-content\/uploads\/sites\/7\/2021\/03\/iconopdf_small.jpg\" alt=\"\" width=\"33\" height=\"35\" \/> <a href=\"https:\/\/www.respaldoalcantara-alicante.cl\/alcantara-florida\/wp-content\/uploads\/sites\/7\/2024\/12\/Lista-de-utiles-III-medio-2025.pdf\">Lista de u\u0301tiles III medio 2025<\/a><\/p><p><img decoding=\"async\" class=\"alignnone size-full wp-image-16837\" src=\"https:\/\/www.respaldoalcantara-alicante.cl\/alcantara-florida\/wp-content\/uploads\/sites\/7\/2021\/03\/iconopdf_small.jpg\" alt=\"\" width=\"33\" height=\"35\" \/> <a href=\"https:\/\/www.respaldoalcantara-alicante.cl\/alcantara-florida\/wp-content\/uploads\/sites\/7\/2024\/12\/Lista-de-utiles-IV-medio-2025.pdf\">Lista de u\u0301tiles IV medio 2025<\/a><\/p>\t\t\t\t\t\t\t\t<\/div>\n\t\t\t\t<\/div>\n\t\t\t\t\t<\/div>\n\t\t<\/div>\n\t\t\t\t<div class=\"elementor-column elementor-col-50 elementor-top-column elementor-element elementor-element-6aff4d4\" data-id=\"6aff4d4\" data-element_type=\"column\">\n\t\t\t<div class=\"elementor-widget-wrap elementor-element-populated\">\n\t\t\t\t\t\t<div class=\"elementor-element elementor-element-239d571 elementor-widget elementor-widget-heading\" data-id=\"239d571\" data-element_type=\"widget\" data-widget_type=\"heading.default\">\n\t\t\t\t<div class=\"elementor-widget-container\">\n\t\t\t\t\t<h2 class=\"elementor-heading-title elementor-size-default\">Ense\u00f1anza B\u00e1sica<\/h2>\t\t\t\t<\/div>\n\t\t\t\t<\/div>\n\t\t\t\t<div class=\"elementor-element elementor-element-cc51a9e elementor-widget elementor-widget-text-editor\" data-id=\"cc51a9e\" data-element_type=\"widget\" data-widget_type=\"text-editor.default\">\n\t\t\t\t<div class=\"elementor-widget-container\">\n\t\t\t\t\t\t\t\t\t<p><img decoding=\"async\" class=\"alignnone size-full wp-image-16837\" src=\"https:\/\/www.respaldoalcantara-alicante.cl\/alcantara-florida\/wp-content\/uploads\/sites\/7\/2021\/03\/iconopdf_small.jpg\" alt=\"\" width=\"33\" height=\"35\" \/> <a href=\"https:\/\/www.respaldoalcantara-alicante.cl\/alcantara-florida\/wp-content\/uploads\/sites\/7\/2025\/01\/1\u00b0-Basico.pdf\">Lista de \u00fatiles 1\u00b0 Ba\u0301sico 2025<\/a><\/p><p><img decoding=\"async\" class=\"alignnone size-full wp-image-16837\" src=\"https:\/\/www.respaldoalcantara-alicante.cl\/alcantara-florida\/wp-content\/uploads\/sites\/7\/2021\/03\/iconopdf_small.jpg\" alt=\"\" width=\"33\" height=\"35\" \/> <a href=\"https:\/\/www.respaldoalcantara-alicante.cl\/alcantara-florida\/wp-content\/uploads\/sites\/7\/2024\/12\/Lista-de-utiles-2o-basico-2025.pdf\">Lista de u\u0301tiles 2\u00ba ba\u0301sico 2025<\/a><\/p><p><img decoding=\"async\" class=\"alignnone size-full wp-image-16837\" src=\"https:\/\/www.respaldoalcantara-alicante.cl\/alcantara-florida\/wp-content\/uploads\/sites\/7\/2021\/03\/iconopdf_small.jpg\" alt=\"\" width=\"33\" height=\"35\" \/> <a href=\"https:\/\/www.respaldoalcantara-alicante.cl\/alcantara-florida\/wp-content\/uploads\/sites\/7\/2024\/12\/Lista-de-utiles-3o-basico-2025.pdf\">Lista de u\u0301tiles 3\u00ba ba\u0301sico 2025<\/a><\/p><p><img decoding=\"async\" class=\"alignnone size-full wp-image-16837\" src=\"https:\/\/www.respaldoalcantara-alicante.cl\/alcantara-florida\/wp-content\/uploads\/sites\/7\/2021\/03\/iconopdf_small.jpg\" alt=\"\" width=\"33\" height=\"35\" \/> <a href=\"https:\/\/www.respaldoalcantara-alicante.cl\/alcantara-florida\/wp-content\/uploads\/sites\/7\/2024\/12\/Lista-de-utiles-4o-basico-2025.pdf\">Lista de u\u0301tiles 4\u00ba ba\u0301sico 2025<\/a><\/p><p><img decoding=\"async\" class=\"alignnone size-full wp-image-16837\" src=\"https:\/\/www.respaldoalcantara-alicante.cl\/alcantara-florida\/wp-content\/uploads\/sites\/7\/2021\/03\/iconopdf_small.jpg\" alt=\"\" width=\"33\" height=\"35\" \/> <a href=\"https:\/\/www.respaldoalcantara-alicante.cl\/alcantara-florida\/wp-content\/uploads\/sites\/7\/2024\/12\/Lista-de-utiles-5o-basico-2025.pdf\">Lista de u\u0301tiles 5\u00ba ba\u0301sico 2025<\/a><\/p><p><img decoding=\"async\" class=\"alignnone size-full wp-image-16837\" src=\"https:\/\/www.respaldoalcantara-alicante.cl\/alcantara-florida\/wp-content\/uploads\/sites\/7\/2021\/03\/iconopdf_small.jpg\" alt=\"\" width=\"33\" height=\"35\" \/> <a href=\"https:\/\/www.respaldoalcantara-alicante.cl\/alcantara-florida\/wp-content\/uploads\/sites\/7\/2024\/12\/Lista-de-utiles-6o-basico-2025.pdf\">Lista de u\u0301tiles 6\u00ba ba\u0301sico 2025<\/a><\/p><p><img decoding=\"async\" class=\"alignnone size-full wp-image-16837\" src=\"https:\/\/www.respaldoalcantara-alicante.cl\/alcantara-florida\/wp-content\/uploads\/sites\/7\/2021\/03\/iconopdf_small.jpg\" alt=\"\" width=\"33\" height=\"35\" \/> <a href=\"https:\/\/www.respaldoalcantara-alicante.cl\/alcantara-florida\/wp-content\/uploads\/sites\/7\/2024\/12\/Lista-de-utiles-7o-basico-2025.pdf\">Lista de u\u0301tiles 7\u00ba ba\u0301sico 2025<\/a><\/p><p><img decoding=\"async\" class=\"alignnone size-full wp-image-16837\" src=\"https:\/\/www.respaldoalcantara-alicante.cl\/alcantara-florida\/wp-content\/uploads\/sites\/7\/2021\/03\/iconopdf_small.jpg\" alt=\"\" width=\"33\" height=\"35\" \/> <a href=\"https:\/\/www.respaldoalcantara-alicante.cl\/alcantara-florida\/wp-content\/uploads\/sites\/7\/2024\/12\/Lista-de-utiles-8o-basico-2025.pdf\">Lista de u\u0301tiles 8\u00ba ba\u0301sico 2025<\/a><\/p>\t\t\t\t\t\t\t\t<\/div>\n\t\t\t\t<\/div>\n\t\t\t\t\t<\/div>\n\t\t<\/div>\n\t\t\t\t\t<\/div>\n\t\t<\/section>\n\t\t\t\t<section class=\"elementor-section elementor-top-section elementor-element elementor-element-1f2d05d elementor-section-boxed elementor-section-height-default elementor-section-height-default parallax_section_no qode_elementor_container_no\" data-id=\"1f2d05d\" data-element_type=\"section\" data-settings=\"{&quot;jet_parallax_layout_list&quot;:[],&quot;_ha_eqh_enable&quot;:false}\">\n\t\t\t\t\t\t<div class=\"elementor-container elementor-column-gap-default\">\n\t\t\t\t\t<div class=\"elementor-column elementor-col-100 elementor-top-column elementor-element elementor-element-340404a\" data-id=\"340404a\" data-element_type=\"column\">\n\t\t\t<div class=\"elementor-widget-wrap elementor-element-populated\">\n\t\t\t\t\t\t<div class=\"elementor-element elementor-element-b6c34b1 elementor-widget elementor-widget-spacer\" data-id=\"b6c34b1\" data-element_type=\"widget\" data-widget_type=\"spacer.default\">\n\t\t\t\t<div class=\"elementor-widget-container\">\n\t\t\t\t\t\t\t<div class=\"elementor-spacer\">\n\t\t\t<div class=\"elementor-spacer-inner\"><\/div>\n\t\t<\/div>\n\t\t\t\t\t\t<\/div>\n\t\t\t\t<\/div>\n\t\t\t\t\t<\/div>\n\t\t<\/div>\n\t\t\t\t\t<\/div>\n\t\t<\/section>\n\t\t\t\t<\/div>\n\t\t","protected":false},"excerpt":{"rendered":"<p>Listas de \u00datiles 2025 Preescolar Lista de u\u0301tiles Ki\u0301nder 2025 \u00a0 Ense\u00f1anza MEDIA Lista de u\u0301tiles I medio 2025 Lista de u\u0301tiles II medio 2025 Lista de u\u0301tiles III medio 2025 Lista de u\u0301tiles IV medio 2025 Ense\u00f1anza B\u00e1sica Lista de \u00fatiles 1\u00b0 Ba\u0301sico 2025&#8230;<\/p>\n","protected":false},"author":4,"featured_media":0,"parent":0,"menu_order":0,"comment_status":"closed","ping_status":"closed","template":"","meta":{"footnotes":""},"class_list":["post-1130","page","type-page","status-publish","hentry"],"aioseo_notices":[],"_links":{"self":[{"href":"https:\/\/www.respaldoalcantara-alicante.cl\/alcantara-florida\/wp-json\/wp\/v2\/pages\/1130","targetHints":{"allow":["GET"]}}],"collection":[{"href":"https:\/\/www.respaldoalcantara-alicante.cl\/alcantara-florida\/wp-json\/wp\/v2\/pages"}],"about":[{"href":"https:\/\/www.respaldoalcantara-alicante.cl\/alcantara-florida\/wp-json\/wp\/v2\/types\/page"}],"author":[{"embeddable":true,"href":"https:\/\/www.respaldoalcantara-alicante.cl\/alcantara-florida\/wp-json\/wp\/v2\/users\/4"}],"replies":[{"embeddable":true,"href":"https:\/\/www.respaldoalcantara-alicante.cl\/alcantara-florida\/wp-json\/wp\/v2\/comments?post=1130"}],"version-history":[{"count":56,"href":"https:\/\/www.respaldoalcantara-alicante.cl\/alcantara-florida\/wp-json\/wp\/v2\/pages\/1130\/revisions"}],"predecessor-version":[{"id":20665,"href":"https:\/\/www.respaldoalcantara-alicante.cl\/alcantara-florida\/wp-json\/wp\/v2\/pages\/1130\/revisions\/20665"}],"wp:attachment":[{"href":"https:\/\/www.respaldoalcantara-alicante.cl\/alcantara-florida\/wp-json\/wp\/v2\/media?parent=1130"}],"curies":[{"name":"wp","href":"https:\/\/api.w.org\/{rel}","templated":true}]}}